{"id":88,"date":"2021-09-05T12:19:52","date_gmt":"2021-09-05T10:19:52","guid":{"rendered":"https:\/\/aline.delcroix-ergo.fr\/?page_id=88"},"modified":"2022-06-05T19:01:50","modified_gmt":"2022-06-05T17:01:50","slug":"pour-qui","status":"publish","type":"page","link":"https:\/\/aline.delcroix-ergo.fr\/?page_id=88","title":{"rendered":"Le bilan en p\u00e9diatrie"},"content":{"rendered":"\n<div class=\"wp-block-buttons\">\n<div class=\"wp-block-button\"><a class=\"wp-block-button__link has-luminous-vivid-orange-background-color has-background\">3 rendez-vous <\/a><\/div>\n<\/div>\n\n\n\n<div class=\"wp-block-media-text alignwide has-media-on-the-right is-stacked-on-mobile is-vertically-aligned-bottom\" style=\"grid-template-columns:auto 52%\"><figure class=\"wp-block-media-text__media\"><img loading=\"lazy\" width=\"300\" height=\"214\" src=\"https:\/\/aline.delcroix-ergo.fr\/wp-content\/uploads\/2022\/06\/reunion-et-entretien-parents-enseignants.jpg\" alt=\"\" class=\"wp-image-150 size-medium\"\/><\/figure><div class=\"wp-block-media-text__content\">\n<p class=\"has-luminous-vivid-orange-color has-text-color has-medium-font-size\"><strong>Entretien initial avec les parents<\/strong><\/p>\n\n\n\n<p style=\"font-size:15px\">Ce moment me permet de conna\u00eetre le d\u00e9veloppement sensori-moteur, les habitudes de vie de votre enfant ainsi que ses difficult\u00e9s rencontr\u00e9es.<\/p>\n\n\n\n<p style=\"font-size:15px\">Nous \u00e9voquons son quotidien scolaire, son quotidien \u00e0 la maison (toilette, repas, habillage) et les relations avec ses pairs. <\/p>\n\n\n\n<p style=\"font-size:15px\">Dur\u00e9e : 1 heure. <\/p>\n<\/div><\/div>\n\n\n\n<div class=\"wp-block-media-text alignwide is-stacked-on-mobile\" style=\"grid-template-columns:44% auto\"><figure class=\"wp-block-media-text__media\"><img loading=\"lazy\" width=\"960\" height=\"640\" src=\"https:\/\/aline.delcroix-ergo.fr\/wp-content\/uploads\/2021\/10\/0FC274F6-3574-48CC-B34F-6AF736801CBB.jpeg\" alt=\"\" class=\"wp-image-100 size-full\" srcset=\"https:\/\/aline.delcroix-ergo.fr\/wp-content\/uploads\/2021\/10\/0FC274F6-3574-48CC-B34F-6AF736801CBB.jpeg 960w, https:\/\/aline.delcroix-ergo.fr\/wp-content\/uploads\/2021\/10\/0FC274F6-3574-48CC-B34F-6AF736801CBB-300x200.jpeg 300w, https:\/\/aline.delcroix-ergo.fr\/wp-content\/uploads\/2021\/10\/0FC274F6-3574-48CC-B34F-6AF736801CBB-768x512.jpeg 768w\" sizes=\"(max-width: 767px) 89vw, (max-width: 1000px) 54vw, (max-width: 1071px) 543px, 580px\" \/><\/figure><div class=\"wp-block-media-text__content\">\n<p class=\"has-luminous-vivid-orange-color has-text-color has-medium-font-size\"><strong> Evaluation de votre enfant<\/strong><\/p>\n\n\n\n<p>\u00c9valuation des capacit\u00e9s visuo-perceptives,sensori-motrices, praxiques, graphiques \u00e0 l\u2019aide de tests standardis\u00e9s. <\/p>\n\n\n\n<p>\u00c9valuation des r\u00e9flexes primitifs et du processus sensoriel si besoin. Ces tests vont nous donner les cl\u00e9s pour comprendre les difficult\u00e9s pr\u00e9sentes.<\/p>\n\n\n\n<p>Dur\u00e9e : 2 heures. <\/p>\n<\/div><\/div>\n\n\n\n<div class=\"wp-block-media-text alignwide has-media-on-the-right is-stacked-on-mobile\" style=\"grid-template-columns:auto 33%\"><figure class=\"wp-block-media-text__media\"><img loading=\"lazy\" width=\"1024\" height=\"590\" src=\"https:\/\/aline.delcroix-ergo.fr\/wp-content\/uploads\/2021\/10\/BAED20F3-9C42-4F85-B3DC-088AB2C06AE6-1024x590.jpeg\" alt=\"\" class=\"wp-image-102 size-full\" srcset=\"https:\/\/aline.delcroix-ergo.fr\/wp-content\/uploads\/2021\/10\/BAED20F3-9C42-4F85-B3DC-088AB2C06AE6-1024x590.jpeg 1024w, https:\/\/aline.delcroix-ergo.fr\/wp-content\/uploads\/2021\/10\/BAED20F3-9C42-4F85-B3DC-088AB2C06AE6-300x173.jpeg 300w, https:\/\/aline.delcroix-ergo.fr\/wp-content\/uploads\/2021\/10\/BAED20F3-9C42-4F85-B3DC-088AB2C06AE6-768x443.jpeg 768w, https:\/\/aline.delcroix-ergo.fr\/wp-content\/uploads\/2021\/10\/BAED20F3-9C42-4F85-B3DC-088AB2C06AE6-1050x605.jpeg 1050w, https:\/\/aline.delcroix-ergo.fr\/wp-content\/uploads\/2021\/10\/BAED20F3-9C42-4F85-B3DC-088AB2C06AE6.jpeg 1422w\" sizes=\"(max-width: 767px) 89vw, (max-width: 1000px) 54vw, (max-width: 1071px) 543px, 580px\" \/><\/figure><div class=\"wp-block-media-text__content\">\n<p class=\"has-luminous-vivid-orange-color has-text-color has-medium-font-size\"><strong>Retransmission du bilan<\/strong><\/p>\n\n\n\n<p>Les tests sont corrig\u00e9s et les r\u00e9sultats sont mis en relation avec les difficult\u00e9s de votre enfant. Le compte rendu expliqu\u00e9 indique la n\u00e9cessit\u00e9 de suivi.<\/p>\n\n\n\n<p>Dur\u00e9e  : 30 minutes.<\/p>\n<\/div><\/div>\n\n\n\n<p><\/p>\n","protected":false},"excerpt":{"rendered":"<p>Entretien initial avec les parents Ce moment me permet de conna\u00eetre le d\u00e9veloppement sensori-moteur, les habitudes de vie de votre enfant ainsi que ses difficult\u00e9s rencontr\u00e9es. Nous \u00e9voquons son quotidien scolaire, son quotidien \u00e0 la maison (toilette, repas, habillage) et les relations avec ses pairs. Dur\u00e9e : 1 heure. Evaluation de votre enfant \u00c9valuation des &hellip; <\/p>\n<p class=\"link-more\"><a href=\"https:\/\/aline.delcroix-ergo.fr\/?page_id=88\" class=\"more-link\">Continuer la lecture<span class=\"screen-reader-text\"> de &laquo;&nbsp;Le bilan en p\u00e9diatrie&nbsp;&raquo;<\/span><\/a><\/p>\n","protected":false},"author":2,"featured_media":0,"parent":0,"menu_order":0,"comment_status":"closed","ping_status":"closed","template":"","meta":[],"_links":{"self":[{"href":"https:\/\/aline.delcroix-ergo.fr\/index.php?rest_route=\/wp\/v2\/pages\/88"}],"collection":[{"href":"https:\/\/aline.delcroix-ergo.fr\/index.php?rest_route=\/wp\/v2\/pages"}],"about":[{"href":"https:\/\/aline.delcroix-ergo.fr\/index.php?rest_route=\/wp\/v2\/types\/page"}],"author":[{"embeddable":true,"href":"https:\/\/aline.delcroix-ergo.fr\/index.php?rest_route=\/wp\/v2\/users\/2"}],"replies":[{"embeddable":true,"href":"https:\/\/aline.delcroix-ergo.fr\/index.php?rest_route=%2Fwp%2Fv2%2Fcomments&post=88"}],"version-history":[{"count":12,"href":"https:\/\/aline.delcroix-ergo.fr\/index.php?rest_route=\/wp\/v2\/pages\/88\/revisions"}],"predecessor-version":[{"id":159,"href":"https:\/\/aline.delcroix-ergo.fr\/index.php?rest_route=\/wp\/v2\/pages\/88\/revisions\/159"}],"wp:attachment":[{"href":"https:\/\/aline.delcroix-ergo.fr\/index.php?rest_route=%2Fwp%2Fv2%2Fmedia&parent=88"}],"curies":[{"name":"wp","href":"https:\/\/api.w.org\/{rel}","templated":true}]}}