{"id":82,"date":"2021-09-05T12:08:38","date_gmt":"2021-09-05T10:08:38","guid":{"rendered":"https:\/\/aline.delcroix-ergo.fr\/?page_id=82"},"modified":"2022-06-05T19:07:07","modified_gmt":"2022-06-05T17:07:07","slug":"qui-suis-je","status":"publish","type":"page","link":"https:\/\/aline.delcroix-ergo.fr\/?page_id=82","title":{"rendered":"Qui suis je ?"},"content":{"rendered":"\n<div class=\"wp-block-media-text alignwide has-media-on-the-right is-stacked-on-mobile is-vertically-aligned-top is-image-fill\" style=\"grid-template-columns:auto 28%\"><figure class=\"wp-block-media-text__media\" style=\"background-image:url(https:\/\/aline.delcroix-ergo.fr\/wp-content\/uploads\/2021\/11\/244F5C7B-79A7-4377-BE9D-7989B641F737-768x1024.jpeg);background-position:50% 50%\"><img loading=\"lazy\" width=\"768\" height=\"1024\" src=\"https:\/\/aline.delcroix-ergo.fr\/wp-content\/uploads\/2021\/11\/244F5C7B-79A7-4377-BE9D-7989B641F737-768x1024.jpeg\" alt=\"\" class=\"wp-image-112 size-full\" srcset=\"https:\/\/aline.delcroix-ergo.fr\/wp-content\/uploads\/2021\/11\/244F5C7B-79A7-4377-BE9D-7989B641F737-768x1024.jpeg 768w, https:\/\/aline.delcroix-ergo.fr\/wp-content\/uploads\/2021\/11\/244F5C7B-79A7-4377-BE9D-7989B641F737-225x300.jpeg 225w, https:\/\/aline.delcroix-ergo.fr\/wp-content\/uploads\/2021\/11\/244F5C7B-79A7-4377-BE9D-7989B641F737-1152x1536.jpeg 1152w, https:\/\/aline.delcroix-ergo.fr\/wp-content\/uploads\/2021\/11\/244F5C7B-79A7-4377-BE9D-7989B641F737-1050x1400.jpeg 1050w, https:\/\/aline.delcroix-ergo.fr\/wp-content\/uploads\/2021\/11\/244F5C7B-79A7-4377-BE9D-7989B641F737.jpeg 1536w\" sizes=\"(max-width: 767px) 89vw, (max-width: 1000px) 54vw, (max-width: 1071px) 543px, 580px\" \/><\/figure><div class=\"wp-block-media-text__content\">\n<p class=\"has-medium-font-size\">\u00c9tant soucieuse de la qualit\u00e9 des soins \u00e0 apporter je me forme r\u00e9guli\u00e8rement sur les nouvelles m\u00e9thodes.<\/p>\n\n\n\n<ul><li><em>Le d\u00e9veloppement et fonctionnement de l\u2019enfant<\/em>,2019, J.Caron. Ergoth\u00e9rapeute canadienne.<\/li><li><em>La motricit\u00e9 fine en p\u00e9diatrie<\/em>, 2020, J.Caron.Ergoth\u00e9rapeute canadienne.<\/li><li><em>Accompagnement en ergoth\u00e9rapie de l\u2019enfant autiste<\/em>, 2020, A.Clerembaux.<\/li><li><em>Trouble du processus sensoriel niveau 1,2 et 3,<\/em> A.Clerembaux, C.Delavy. Ergoth\u00e9rapeutes.<\/li><li><em>R\u00e9flexes primitifs<\/em>, 2021, A.Clerembaux. Ergoth\u00e9rapeute <\/li><li><em>L&rsquo;\u00e9criture et l\u2019ergotherapie<\/em>,2021, J.Caron.Ergoth\u00e9rapeute canadienne<\/li><li><em>Reconna\u00eetre et d\u00e9pister les particularit\u00e9s li\u00e9s au TSA<\/em>, 2021, C.Mainville. Ergoth\u00e9rapeute canadienne.<\/li><li><em>Trouble du processus sensoriel 0-4 ans<\/em>, 2022, C.Delavy.Ergoth\u00e9rapeute.<\/li><li><em>Difficult\u00e9s alimentaires du b\u00e9b\u00e9,<\/em>2022, M.Ruffier-Bourdier. Ergoth\u00e9rapeute.<\/li><\/ul>\n\n\n\n<p><\/p>\n<\/div><\/div>\n\n\n\n<p><\/p>\n\n\n\n<p><\/p>\n","protected":false},"excerpt":{"rendered":"<p>\u00c9tant soucieuse de la qualit\u00e9 des soins \u00e0 apporter je me forme r\u00e9guli\u00e8rement sur les nouvelles m\u00e9thodes. Le d\u00e9veloppement et fonctionnement de l\u2019enfant,2019, J.Caron. Ergoth\u00e9rapeute canadienne. La motricit\u00e9 fine en p\u00e9diatrie, 2020, J.Caron.Ergoth\u00e9rapeute canadienne. Accompagnement en ergoth\u00e9rapie de l\u2019enfant autiste, 2020, A.Clerembaux. Trouble du processus sensoriel niveau 1,2 et 3, A.Clerembaux, C.Delavy. Ergoth\u00e9rapeutes. R\u00e9flexes primitifs, &hellip; <\/p>\n<p class=\"link-more\"><a href=\"https:\/\/aline.delcroix-ergo.fr\/?page_id=82\" class=\"more-link\">Continuer la lecture<span class=\"screen-reader-text\"> de &laquo;&nbsp;Qui suis je ?&nbsp;&raquo;<\/span><\/a><\/p>\n","protected":false},"author":2,"featured_media":0,"parent":0,"menu_order":0,"comment_status":"closed","ping_status":"closed","template":"","meta":[],"_links":{"self":[{"href":"https:\/\/aline.delcroix-ergo.fr\/index.php?rest_route=\/wp\/v2\/pages\/82"}],"collection":[{"href":"https:\/\/aline.delcroix-ergo.fr\/index.php?rest_route=\/wp\/v2\/pages"}],"about":[{"href":"https:\/\/aline.delcroix-ergo.fr\/index.php?rest_route=\/wp\/v2\/types\/page"}],"author":[{"embeddable":true,"href":"https:\/\/aline.delcroix-ergo.fr\/index.php?rest_route=\/wp\/v2\/users\/2"}],"replies":[{"embeddable":true,"href":"https:\/\/aline.delcroix-ergo.fr\/index.php?rest_route=%2Fwp%2Fv2%2Fcomments&post=82"}],"version-history":[{"count":13,"href":"https:\/\/aline.delcroix-ergo.fr\/index.php?rest_route=\/wp\/v2\/pages\/82\/revisions"}],"predecessor-version":[{"id":165,"href":"https:\/\/aline.delcroix-ergo.fr\/index.php?rest_route=\/wp\/v2\/pages\/82\/revisions\/165"}],"wp:attachment":[{"href":"https:\/\/aline.delcroix-ergo.fr\/index.php?rest_route=%2Fwp%2Fv2%2Fmedia&parent=82"}],"curies":[{"name":"wp","href":"https:\/\/api.w.org\/{rel}","templated":true}]}}