{"id":58,"date":"2019-11-17T12:18:14","date_gmt":"2019-11-17T11:18:14","guid":{"rendered":"https:\/\/aline.delcroix-ergo.fr\/?page_id=58"},"modified":"2022-06-05T19:23:43","modified_gmt":"2022-06-05T17:23:43","slug":"lergotherapie","status":"publish","type":"page","link":"https:\/\/aline.delcroix-ergo.fr\/?page_id=58","title":{"rendered":"L&rsquo;Ergoth\u00e9rapie"},"content":{"rendered":"\n<figure class=\"wp-block-pullquote\" style=\"border-color:#ffffff\"><blockquote class=\"has-text-color\" style=\"color:#fc6d00\"><p>L\u2019ergoth\u00e9rapie consiste \u00e0 analyser et \u00e0 agir sur les situations de handicap afin de permettre aux personnes de r\u00e9aliser pleinement leurs occupations<\/p><cite>C\u2019est un professionnel de sant\u00e9 qui accompagne les enfants de tout \u00e2ge pr\u00e9sentant des limitations dans leurs activit\u00e9s quotidiennes ( repas, habillage, v\u00e9lo, \u00e9criture) et ou des restrictions dans leur participation en soci\u00e9t\u00e9 ( relation aux autres)<\/cite><\/blockquote><\/figure>\n\n\n<h3>Elle intervient aupr\u00e8s d\u2019enfants pr\u00e9sentant un <strong>Trouble Neuro D\u00e9veloppemental<\/strong> (TDAH, TDC, TSA, dyslexie, dysorthographie, dysgraphie, dysphasie, d\u00e9ficience intellectuelle), <strong>syndrome g\u00e9n\u00e9tique<\/strong>, <strong>paralysie c\u00e9r\u00e9brale<\/strong>.\u00a0<\/h3>\n<p>\u00a0<\/p>\n\n\n<div class=\"wp-block-buttons\">\n<div class=\"wp-block-button\"><a class=\"wp-block-button__link has-luminous-vivid-amber-background-color has-background\">Nos valeurs <\/a><\/div>\n<\/div>\n\n\n\n<ul><li>D\u00e9finition des objectifs en accord avec l\u2019enfant et les parents<\/li><li>\u00c9coute et accompagnement de vos questionnements<\/li><li>Intervention cibl\u00e9e<\/li><\/ul>\n\n\n\n<div class=\"wp-block-buttons\">\n<div class=\"wp-block-button\"><a class=\"wp-block-button__link has-luminous-vivid-amber-background-color has-background\">Comment travaille l\u2019ergoth\u00e9rapeute ?<\/a><\/div>\n<\/div>\n\n\n\n<p>Elle utilise toute situation comme moyen th\u00e9rapeutique pour l&rsquo;acquisition de nouvelles habilet\u00e9s <\/p>\n\n\n\n<p>Afin d\u2019impliquer au mieux l\u2019enfant nous utilisons le jeu ou ses int\u00e9r\u00eats pour travailler les objectifs fix\u00e9s : les nouveaux apprentissages peuvent ainsi \u00eatre g\u00e9n\u00e9ralis\u00e9s dans les diff\u00e9rents domaines <\/p>\n\n\n\n<p>Notre mat\u00e9riel offre de nombreuses possibilit\u00e9s : jeux et activit\u00e9s stimulant motricit\u00e9 globale, fine et fonction cognitive <\/p>\n\n\n\n<div class=\"wp-block-buttons\">\n<div class=\"wp-block-button\"><a class=\"wp-block-button__link has-luminous-vivid-amber-background-color has-background\">Des buts travaill\u00e9s<\/a><\/div>\n<\/div>\n\n\n\n<p>Gaston sera capable d&rsquo;\u00e9crire sa po\u00e9sie \u00e0 la m\u00eame vitesse que ses camarades et de fa\u00e7on lisible<\/p>\n\n\n\n<p>Arthur sera capable de lacer seul ses crampons avant son match de foot<\/p>\n\n\n\n<p>In\u00e8s sera capable d&rsquo;utiliser son ordinateur pour sa rentr\u00e9e de 6\u00e8me afin de r\u00e9diger ses le\u00e7ons d&rsquo;histoire-g\u00e9ographie<\/p>\n","protected":false},"excerpt":{"rendered":"<p>L\u2019ergoth\u00e9rapie consiste \u00e0 analyser et \u00e0 agir sur les situations de handicap afin de permettre aux personnes de r\u00e9aliser pleinement leurs occupations C\u2019est un professionnel de sant\u00e9 qui accompagne les enfants de tout \u00e2ge pr\u00e9sentant des limitations dans leurs activit\u00e9s quotidiennes ( repas, habillage, v\u00e9lo, \u00e9criture) et ou des restrictions dans leur participation en soci\u00e9t\u00e9 &hellip; <\/p>\n<p class=\"link-more\"><a href=\"https:\/\/aline.delcroix-ergo.fr\/?page_id=58\" class=\"more-link\">Continuer la lecture<span class=\"screen-reader-text\"> de &laquo;&nbsp;L&rsquo;Ergoth\u00e9rapie&nbsp;&raquo;<\/span><\/a><\/p>\n","protected":false},"author":2,"featured_media":0,"parent":0,"menu_order":0,"comment_status":"closed","ping_status":"closed","template":"","meta":[],"_links":{"self":[{"href":"https:\/\/aline.delcroix-ergo.fr\/index.php?rest_route=\/wp\/v2\/pages\/58"}],"collection":[{"href":"https:\/\/aline.delcroix-ergo.fr\/index.php?rest_route=\/wp\/v2\/pages"}],"about":[{"href":"https:\/\/aline.delcroix-ergo.fr\/index.php?rest_route=\/wp\/v2\/types\/page"}],"author":[{"embeddable":true,"href":"https:\/\/aline.delcroix-ergo.fr\/index.php?rest_route=\/wp\/v2\/users\/2"}],"replies":[{"embeddable":true,"href":"https:\/\/aline.delcroix-ergo.fr\/index.php?rest_route=%2Fwp%2Fv2%2Fcomments&post=58"}],"version-history":[{"count":11,"href":"https:\/\/aline.delcroix-ergo.fr\/index.php?rest_route=\/wp\/v2\/pages\/58\/revisions"}],"predecessor-version":[{"id":171,"href":"https:\/\/aline.delcroix-ergo.fr\/index.php?rest_route=\/wp\/v2\/pages\/58\/revisions\/171"}],"wp:attachment":[{"href":"https:\/\/aline.delcroix-ergo.fr\/index.php?rest_route=%2Fwp%2Fv2%2Fmedia&parent=58"}],"curies":[{"name":"wp","href":"https:\/\/api.w.org\/{rel}","templated":true}]}}